{"id":3,"date":"2022-02-07T12:20:03","date_gmt":"2022-02-07T12:20:03","guid":{"rendered":"https:\/\/artesania.conselldeivissa.es\/?page_id=3"},"modified":"2022-08-17T15:06:15","modified_gmt":"2022-08-17T13:06:15","slug":"politica-privacidad","status":"publish","type":"page","link":"https:\/\/artesania.conselldeivissa.es\/es\/politica-privacidad\/","title":{"rendered":"Pol\u00edtica de privacidad"},"content":{"rendered":"<p>[vc_row full_width=\u00bbstretch_row\u00bb css=\u00bb.vc_custom_1660722078722{background-color: #e8e3d5 !important;}\u00bb el_id=\u00bbtop_page\u00bb][vc_column][vc_custom_heading source=\u00bbpost_title\u00bb font_container=\u00bbtag:h1|text_align:center\u00bb use_theme_fonts=\u00bbyes\u00bb][\/vc_column][\/vc_row][vc_row][vc_column][vc_column_text]La Pol\u00edtica de Privacidad forma parte de las Condiciones Generales que rigen la P\u00e1gina <a href=\"https:\/\/artesania.conselldeivissa.es\/\">https:\/\/artesania.conselldeivissa.es\/<\/a> <a href=\"http:\/\/ibiza.travel\/\">\u00a0junto con la Pol\u00edtica de Cookies y el Aviso Legal.<\/a><\/p>\n<p>Consell Insular d\u2019Eivissa respeta la legislaci\u00f3n vigente en materia de protecci\u00f3n de datos personales, la privacidad de los usuarios y el secreto y seguridad de los datos personales, de conformidad con lo establecido en la legislaci\u00f3n aplicable en materia de protecci\u00f3n de datos, en concreto, el Reglamento 2016\/679 del Parlamento Europeo y del Consejo de 27 de abril de 2016 y la Ley Org\u00e1nica de Protecci\u00f3n de Datos y Garant\u00eda de Derechos Digitales 3\/2018, de 5 de diciembre y de sus normas de desarrollo, adoptando para ello las medidas t\u00e9cnicas y organizativas necesarias para evitar la p\u00e9rdida, mal uso, alteraci\u00f3n, acceso no autorizado y robo de los datos personales facilitados, habida cuenta del estado de la tecnolog\u00eda, la naturaleza de los datos y los riesgos a los que est\u00e1n expuestos.<\/p>\n<p>En concreto, se informa que sus datos de car\u00e1cter personal s\u00f3lo podr\u00e1n obtenerse para su tratamiento cuando sean adecuados, pertinentes y no excesivos en relaci\u00f3n con el \u00e1mbito y las finalidades determinadas, expl\u00edcitas y leg\u00edtimas para las que se hayan obtenido.<\/p>\n<p>&nbsp;<\/p>\n<p><b>\u00bfQui\u00e9n es el Responsable del tratamiento de sus datos personales?<\/b><\/p>\n<p>Los datos que se recojan o nos facilites voluntariamente por medio de la P\u00e1gina Web, ya sea por la navegaci\u00f3n en la misma, as\u00ed como todos aquellos que nos puedas facilitar en los formularios de contacto, v\u00eda email o por tel\u00e9fono, ser\u00e1n recabados y tratados por el Responsable del Tratamiento, cuyos datos se indican a continuaci\u00f3n<\/p>\n<p>Responsable del Tratamiento: Consell d\u2019Eivissa<\/p>\n<p>Direcci\u00f3n: av. d&#8217;Espanya, 49 CP: 07800 &#8211; Eivissa (Illes Balears).<\/p>\n<p>Tel\u00e9fono: 971 195 900<\/p>\n<p>WEB: <a href=\"http:\/\/www.conselldeivissa.es\/\">www.conselldeivissa.es<\/a><\/p>\n<p>Email: <a href=\"mailto:info@conselldeivissa.es\">info@conselldeivissa.es<\/a><\/p>\n<p>&nbsp;<\/p>\n<p><b>\u00bfCon que finalidades vamos a tratar sus datos personales?<\/b><\/p>\n<ul>\n<li aria-level=\"1\">Fines informativos y\/o promocionales de las personas artesanas de la Isla, mostrar sus productos, facilitar los contactos de inter\u00e9s, mostrar noticias relacionadas con el sector y gestionar la agenda de actividades como mercados o exposiciones.<\/li>\n<li aria-level=\"1\">Realizar an\u00e1lisis y mejoras en la Web, sobre nuestros servicios.<\/li>\n<\/ul>\n<p>&nbsp;<\/p>\n<p><b>\u00bfCu\u00e1l es la legitimaci\u00f3n para el tratamiento de sus datos?<\/b><\/p>\n<p>El cumplimiento de una misi\u00f3n realizada en inter\u00e9s p\u00fablico o en el ejercicio de poderes p\u00fablicos conferidos al responsable del tratamiento.<\/p>\n<p>&nbsp;<\/p>\n<p><b>\u00bfA qui\u00e9nes le comunicaremos sus datos?<\/b><\/p>\n<p>En caso de que se traten datos personales<b>, <\/b>estos no se ceder\u00e1n a terceros salvo aquellos casos que sea necesario u obligatorio para poder gestionar sus solicitudes, as\u00ed como en los supuestos previstos seg\u00fan la ley aplicable, tales como:<\/p>\n<ul>\n<li style=\"list-style-type: none;\">\n<ul>\n<li aria-level=\"1\">Fuerzas y Cuerpos de Seguridad del Estado.<\/li>\n<li aria-level=\"1\">Ministerio Fiscal, Jueces y Tribunales.<\/li>\n<\/ul>\n<\/li>\n<\/ul>\n<ul>\n<li aria-level=\"1\">Otras administraciones u \u00f3rganos competentes, tales como, la AEPD.<\/li>\n<\/ul>\n<p>&nbsp;<\/p>\n<p><b>\u00bfDurante qu\u00e9 plazo almacenaremos sus datos?<\/b><\/p>\n<p>En caso de que se traten datos personales, ser\u00e1n conservados durante el tiempo necesario para cumplir con la finalidad para la que se recabaron y para determinar las posibles responsabilidades que se pudieran derivar de dicha finalidad o, en su caso, con fines de archivo de inter\u00e9s p\u00fablico, fines de investigaci\u00f3n cient\u00edfica e hist\u00f3rica o fines estad\u00edsticos. Ser\u00e1 de aplicaci\u00f3n lo dispuesto en la normativa de archivos y de documentaci\u00f3n.<\/p>\n<p>&nbsp;<\/p>\n<p><b>\u00bfCu\u00e1les son sus derechos?<\/b><\/p>\n<ul>\n<li aria-level=\"1\">A saber, si estamos tratando sus datos o no.<\/li>\n<li aria-level=\"1\">A acceder a sus datos personales.<\/li>\n<li aria-level=\"1\">A solicitar la rectificaci\u00f3n de sus datos si son inexactos.<\/li>\n<li aria-level=\"1\">A solicitar la supresi\u00f3n de sus datos si ya no son necesarios para los fines para los que fueron recogidos o si nos retira el consentimiento otorgado.<\/li>\n<li aria-level=\"1\">A solicitar el derecho a oponerse a un determinado tratamiento basado en el consentimiento del interesado.<\/li>\n<li aria-level=\"1\">A solicitar la limitaci\u00f3n del tratamiento de sus datos, en algunos supuestos, en cuyo caso s\u00f3lo se conservar\u00e1n de acuerdo con la normativa vigente.<\/li>\n<li aria-level=\"1\">A portar sus datos, que le ser\u00e1n facilitados en un formato estructurado, de uso com\u00fan o lectura mec\u00e1nica.<\/li>\n<li aria-level=\"1\">A presentar una reclamaci\u00f3n ante el Delegado de Protecci\u00f3n de Datos (en su caso) o ante la Agencia Espa\u00f1ola de Protecci\u00f3n de Datos o autoridad de control competente, si cree que no le hemos atendido correctamente.<\/li>\n<li aria-level=\"1\">A revocar el consentimiento para cada finalidad espec\u00edfica, sin que ello afecte a licitud del tratamiento basado en el consentimiento expreso.<\/li>\n<\/ul>\n<p>&nbsp;<\/p>\n<p><b>\u00bfC\u00f3mo puede ejercer sus derechos?<\/b><\/p>\n<p>En cuanto a los procedimientos habilitados para la remisi\u00f3n de solicitudes de derechos en materia de privacidad, atendiendo a los requisitos establecido en el RGPD: (I) visibilidad; (II) accesibilidad y (III) sencillez, el responsable del tratamiento tiene habilitadas las siguientes v\u00edas:<\/p>\n<p>&nbsp;<\/p>\n<ul>\n<li aria-level=\"1\">PRESENCIALMENTE: acudiendo a nuestras instalaciones situadas en: Avenida d&#8217;Espanya 49.\u202fEivissa.<\/li>\n<li aria-level=\"1\">CORREO ELECTR\u00d3NICO: dpd@conselldeivissa.es.<\/li>\n<li aria-level=\"1\">EN L\u00cdNEA: a trav\u00e9s de nuestra <a href=\"https:\/\/seu.conselldeivissa.es\/sta\/CarpetaPublic\/doEvent?APP_CODE=STA&amp;PAGE_CODE=PTS2_HOME&amp;lang=ES\">Sede electr\u00f3nica<\/a>.<\/li>\n<\/ul>\n<p>&nbsp;<\/p>\n<p>Se informa al interesado o representante de este, que podr\u00e1 presentar una reclamaci\u00f3n ante la Agencia Espa\u00f1ola de Protecci\u00f3n de Datos, en el supuesto que considere que no se ha atendido convenientemente el ejercicio de sus derechos.<\/p>\n<p>&nbsp;<\/p>\n<p><b>Cambios en la Pol\u00edtica de Privacidad:<\/b><\/p>\n<p>Consell Insular d\u2019Eivissa, se reserva el derecho a modificar o adaptar la presente Pol\u00edtica de Privacidad en todo momento. Por lo tanto, le recomendamos que revise la misma cada vez que acceda a la P\u00e1gina Web.[\/vc_column_text][\/vc_column][\/vc_row]<\/p>\n","protected":false},"excerpt":{"rendered":"<p>[vc_row full_width=\u00bbstretch_row\u00bb css=\u00bb.vc_custom_1660722078722{background-color: #e8e3d5 !important;}\u00bb el_id=\u00bbtop_page\u00bb][vc_column][vc_custom_heading source=\u00bbpost_title\u00bb font_container=\u00bbtag:h1|text_align:center\u00bb use_theme_fonts=\u00bbyes\u00bb][\/vc_column][\/vc_row][vc_row][vc_column][vc_column_text]La Pol\u00edtica de Privacidad forma parte de las Condiciones Generales que rigen la P\u00e1gina https:\/\/artesania.conselldeivissa.es\/ \u00a0junto con la Pol\u00edtica de Cookies y [&hellip;]<\/p>\n","protected":false},"author":1,"featured_media":0,"parent":0,"menu_order":0,"comment_status":"closed","ping_status":"open","template":"","meta":{"footnotes":""},"class_list":["post-3","page","type-page","status-publish","hentry"],"acf":[],"yoast_head":"<!-- This site is optimized with the Yoast SEO plugin v19.6 - https:\/\/yoast.com\/wordpress\/plugins\/seo\/ -->\n<title>Pol\u00edtica de privacidad - Artesania d&#039;Eivissa<\/title>\n<meta name=\"robots\" content=\"index, follow, max-snippet:-1, max-image-preview:large, max-video-preview:-1\" \/>\n<link rel=\"canonical\" href=\"https:\/\/artesania.conselldeivissa.es\/politica-privacidad\/\" \/>\n<meta property=\"og:locale\" content=\"es_ES\" \/>\n<meta property=\"og:type\" content=\"article\" \/>\n<meta property=\"og:title\" content=\"Pol\u00edtica de privacidad - Artesania d&#039;Eivissa\" \/>\n<meta property=\"og:description\" content=\"[vc_row full_width=\u00bbstretch_row\u00bb css=\u00bb.vc_custom_1660722078722{background-color: #e8e3d5 !important;}\u00bb el_id=\u00bbtop_page\u00bb][vc_column][vc_custom_heading source=\u00bbpost_title\u00bb font_container=\u00bbtag:h1|text_align:center\u00bb use_theme_fonts=\u00bbyes\u00bb][\/vc_column][\/vc_row][vc_row][vc_column][vc_column_text]La Pol\u00edtica de Privacidad forma parte de las Condiciones Generales que rigen la P\u00e1gina https:\/\/artesania.conselldeivissa.es\/ \u00a0junto con la Pol\u00edtica de Cookies y [&hellip;]\" \/>\n<meta property=\"og:url\" content=\"https:\/\/artesania.conselldeivissa.es\/politica-privacidad\/\" \/>\n<meta property=\"og:site_name\" content=\"Artesania d&#039;Eivissa\" \/>\n<meta property=\"article:modified_time\" content=\"2022-08-17T13:06:15+00:00\" \/>\n<meta name=\"twitter:card\" content=\"summary_large_image\" \/>\n<meta name=\"twitter:label1\" content=\"Tiempo de lectura\" \/>\n\t<meta name=\"twitter:data1\" content=\"5 minutos\" \/>\n<script type=\"application\/ld+json\" class=\"yoast-schema-graph\">{\"@context\":\"https:\/\/schema.org\",\"@graph\":[{\"@type\":\"WebPage\",\"@id\":\"https:\/\/artesania.conselldeivissa.es\/politica-privacidad\/\",\"url\":\"https:\/\/artesania.conselldeivissa.es\/politica-privacidad\/\",\"name\":\"Pol\u00edtica de privacidad - Artesania d&#039;Eivissa\",\"isPartOf\":{\"@id\":\"https:\/\/artesania.conselldeivissa.es\/#website\"},\"datePublished\":\"2022-02-07T12:20:03+00:00\",\"dateModified\":\"2022-08-17T13:06:15+00:00\",\"breadcrumb\":{\"@id\":\"https:\/\/artesania.conselldeivissa.es\/politica-privacidad\/#breadcrumb\"},\"inLanguage\":\"es\",\"potentialAction\":[{\"@type\":\"ReadAction\",\"target\":[\"https:\/\/artesania.conselldeivissa.es\/politica-privacidad\/\"]}]},{\"@type\":\"BreadcrumbList\",\"@id\":\"https:\/\/artesania.conselldeivissa.es\/politica-privacidad\/#breadcrumb\",\"itemListElement\":[{\"@type\":\"ListItem\",\"position\":1,\"name\":\"Portada\",\"item\":\"https:\/\/artesania.conselldeivissa.es\/es\/\"},{\"@type\":\"ListItem\",\"position\":2,\"name\":\"Pol\u00edtica de privacidad\"}]},{\"@type\":\"WebSite\",\"@id\":\"https:\/\/artesania.conselldeivissa.es\/#website\",\"url\":\"https:\/\/artesania.conselldeivissa.es\/\",\"name\":\"Artesania d&#039;Eivissa\",\"description\":\"Artesanes i artesans d&#039;Eivisssa\",\"publisher\":{\"@id\":\"https:\/\/artesania.conselldeivissa.es\/#organization\"},\"potentialAction\":[{\"@type\":\"SearchAction\",\"target\":{\"@type\":\"EntryPoint\",\"urlTemplate\":\"https:\/\/artesania.conselldeivissa.es\/?s={search_term_string}\"},\"query-input\":\"required name=search_term_string\"}],\"inLanguage\":\"es\"},{\"@type\":\"Organization\",\"@id\":\"https:\/\/artesania.conselldeivissa.es\/#organization\",\"name\":\"Artesania d&#039;Eivissa\",\"url\":\"https:\/\/artesania.conselldeivissa.es\/\",\"sameAs\":[],\"logo\":{\"@type\":\"ImageObject\",\"inLanguage\":\"es\",\"@id\":\"https:\/\/artesania.conselldeivissa.es\/#\/schema\/logo\/image\/\",\"url\":\"https:\/\/artesania.conselldeivissa.es\/wp-content\/uploads\/2022\/08\/artesansnegro.png\",\"contentUrl\":\"https:\/\/artesania.conselldeivissa.es\/wp-content\/uploads\/2022\/08\/artesansnegro.png\",\"width\":400,\"height\":97,\"caption\":\"Artesania d&#039;Eivissa\"},\"image\":{\"@id\":\"https:\/\/artesania.conselldeivissa.es\/#\/schema\/logo\/image\/\"}}]}<\/script>\n<!-- \/ Yoast SEO plugin. -->","yoast_head_json":{"title":"Pol\u00edtica de privacidad - Artesania d&#039;Eivissa","robots":{"index":"index","follow":"follow","max-snippet":"max-snippet:-1","max-image-preview":"max-image-preview:large","max-video-preview":"max-video-preview:-1"},"canonical":"https:\/\/artesania.conselldeivissa.es\/politica-privacidad\/","og_locale":"es_ES","og_type":"article","og_title":"Pol\u00edtica de privacidad - Artesania d&#039;Eivissa","og_description":"[vc_row full_width=\u00bbstretch_row\u00bb css=\u00bb.vc_custom_1660722078722{background-color: #e8e3d5 !important;}\u00bb el_id=\u00bbtop_page\u00bb][vc_column][vc_custom_heading source=\u00bbpost_title\u00bb font_container=\u00bbtag:h1|text_align:center\u00bb use_theme_fonts=\u00bbyes\u00bb][\/vc_column][\/vc_row][vc_row][vc_column][vc_column_text]La Pol\u00edtica de Privacidad forma parte de las Condiciones Generales que rigen la P\u00e1gina https:\/\/artesania.conselldeivissa.es\/ \u00a0junto con la Pol\u00edtica de Cookies y [&hellip;]","og_url":"https:\/\/artesania.conselldeivissa.es\/politica-privacidad\/","og_site_name":"Artesania d&#039;Eivissa","article_modified_time":"2022-08-17T13:06:15+00:00","twitter_card":"summary_large_image","twitter_misc":{"Tiempo de lectura":"5 minutos"},"schema":{"@context":"https:\/\/schema.org","@graph":[{"@type":"WebPage","@id":"https:\/\/artesania.conselldeivissa.es\/politica-privacidad\/","url":"https:\/\/artesania.conselldeivissa.es\/politica-privacidad\/","name":"Pol\u00edtica de privacidad - Artesania d&#039;Eivissa","isPartOf":{"@id":"https:\/\/artesania.conselldeivissa.es\/#website"},"datePublished":"2022-02-07T12:20:03+00:00","dateModified":"2022-08-17T13:06:15+00:00","breadcrumb":{"@id":"https:\/\/artesania.conselldeivissa.es\/politica-privacidad\/#breadcrumb"},"inLanguage":"es","potentialAction":[{"@type":"ReadAction","target":["https:\/\/artesania.conselldeivissa.es\/politica-privacidad\/"]}]},{"@type":"BreadcrumbList","@id":"https:\/\/artesania.conselldeivissa.es\/politica-privacidad\/#breadcrumb","itemListElement":[{"@type":"ListItem","position":1,"name":"Portada","item":"https:\/\/artesania.conselldeivissa.es\/es\/"},{"@type":"ListItem","position":2,"name":"Pol\u00edtica de privacidad"}]},{"@type":"WebSite","@id":"https:\/\/artesania.conselldeivissa.es\/#website","url":"https:\/\/artesania.conselldeivissa.es\/","name":"Artesania d&#039;Eivissa","description":"Artesanes i artesans d&#039;Eivisssa","publisher":{"@id":"https:\/\/artesania.conselldeivissa.es\/#organization"},"potentialAction":[{"@type":"SearchAction","target":{"@type":"EntryPoint","urlTemplate":"https:\/\/artesania.conselldeivissa.es\/?s={search_term_string}"},"query-input":"required name=search_term_string"}],"inLanguage":"es"},{"@type":"Organization","@id":"https:\/\/artesania.conselldeivissa.es\/#organization","name":"Artesania d&#039;Eivissa","url":"https:\/\/artesania.conselldeivissa.es\/","sameAs":[],"logo":{"@type":"ImageObject","inLanguage":"es","@id":"https:\/\/artesania.conselldeivissa.es\/#\/schema\/logo\/image\/","url":"https:\/\/artesania.conselldeivissa.es\/wp-content\/uploads\/2022\/08\/artesansnegro.png","contentUrl":"https:\/\/artesania.conselldeivissa.es\/wp-content\/uploads\/2022\/08\/artesansnegro.png","width":400,"height":97,"caption":"Artesania d&#039;Eivissa"},"image":{"@id":"https:\/\/artesania.conselldeivissa.es\/#\/schema\/logo\/image\/"}}]}},"_links":{"self":[{"href":"https:\/\/artesania.conselldeivissa.es\/es\/wp-json\/wp\/v2\/pages\/3","targetHints":{"allow":["GET"]}}],"collection":[{"href":"https:\/\/artesania.conselldeivissa.es\/es\/wp-json\/wp\/v2\/pages"}],"about":[{"href":"https:\/\/artesania.conselldeivissa.es\/es\/wp-json\/wp\/v2\/types\/page"}],"author":[{"embeddable":true,"href":"https:\/\/artesania.conselldeivissa.es\/es\/wp-json\/wp\/v2\/users\/1"}],"replies":[{"embeddable":true,"href":"https:\/\/artesania.conselldeivissa.es\/es\/wp-json\/wp\/v2\/comments?post=3"}],"version-history":[{"count":0,"href":"https:\/\/artesania.conselldeivissa.es\/es\/wp-json\/wp\/v2\/pages\/3\/revisions"}],"wp:attachment":[{"href":"https:\/\/artesania.conselldeivissa.es\/es\/wp-json\/wp\/v2\/media?parent=3"}],"curies":[{"name":"wp","href":"https:\/\/api.w.org\/{rel}","templated":true}]}}